{"id":55,"date":"2024-08-21T12:28:00","date_gmt":"2024-08-21T12:28:00","guid":{"rendered":"https:\/\/fjarilyogasound.se\/gallery\/"},"modified":"2026-05-11T10:28:16","modified_gmt":"2026-05-11T10:28:16","slug":"epassiochfriskvard","status":"publish","type":"page","link":"https:\/\/fjarilyogasound.se\/?page_id=55","title":{"rendered":"Epassi och Friskv\u00e5rd"},"content":{"rendered":"<style>.kb-row-layout-id55_47e998-8d > .kt-row-column-wrap{align-content:center;}:where(.kb-row-layout-id55_47e998-8d > .kt-row-column-wrap) > .wp-block-kadence-column{justify-content:center;}.kb-row-layout-id55_47e998-8d > .kt-row-column-wrap{column-gap:var(--global-kb-gap-md, 2rem);row-gap:var(--global-kb-gap-md, 2rem);max-width:var( --global-content-width, 1290px );padding-left:var(--global-content-edge-padding);padding-right:var(--global-content-edge-padding);padding-top:var(--global-kb-spacing-5xl, 10rem);padding-bottom:var(--global-kb-spacing-5xl, 10rem);grid-template-columns:minmax(0, 1fr);}.kb-row-layout-id55_47e998-8d > .kt-row-layout-overlay{opacity:0.78;background:linear-gradient(135deg,rgb(47,3,65) 0%,rgb(44,1,68) 100%);mix-blend-mode:normal;}.kb-row-layout-id55_47e998-8d .kt-row-layout-bottom-sep{height:100px;}.kb-row-layout-id55_47e998-8d .kt-row-layout-bottom-sep svg{width:100%;}.kb-row-layout-id55_47e998-8d .kt-row-layout-bottom-sep svg{fill:var(--global-palette9, #ffffff)!important;}@media all and (max-width: 1024px){.kb-row-layout-id55_47e998-8d > .kt-row-column-wrap{grid-template-columns:minmax(0, 1fr);}}@media all and (max-width: 1024px){.kb-row-layout-id55_47e998-8d .kt-row-layout-bottom-sep{height:px;}}@media all and (max-width: 1024px){.kb-row-layout-id55_47e998-8d .kt-row-layout-bottom-sep svg{width:%;}}@media all and (max-width: 767px){.kb-row-layout-id55_47e998-8d > .kt-row-column-wrap{padding-top:var(--global-kb-spacing-xl, 4rem);padding-bottom:var(--global-kb-spacing-xl, 4rem);grid-template-columns:minmax(0, 1fr);}.kb-row-layout-id55_47e998-8d .kt-row-layout-bottom-sep{height:px;}.kb-row-layout-id55_47e998-8d .kt-row-layout-bottom-sep svg{width:%;}}<\/style><div class=\"kb-row-layout-wrap kb-row-layout-id55_47e998-8d alignfull kt-row-has-bg kb-divider-static wp-block-kadence-rowlayout\"><div class=\"kt-blocks-carousel kb-blocks-bg-slider kt-carousel-container-dotstyle-dark\"><div class=\"kt-blocks-carousel-init splide kb-blocks-bg-slider-init kt-carousel-arrowstyle-none kt-carousel-dotstyle-dark\" data-slider-anim-speed=\"400\" data-slider-type=\"slider\" data-slider-scroll=\"1\" data-slider-arrows=\"false\" data-slider-fade=\"true\" data-slider-dots=\"true\" data-slider-hover-pause=\"false\" data-slider-auto=\"true\" data-slider-speed=\"7000\" data-show-pause-button=\"false\"><div class=\"splide__track\"><ul class=\"splide__list\"><li class=\"splide__slide kb-bg-slide-contain\"><div  class=\"kb-bg-slide kb-bg-slide-0\" style=\"background-image:url(https:\/\/fjarilyogasound.se\/wp-content\/uploads\/2025\/10\/Fjaril-Yoga-bild.jpg); background-size:cover; background-position:center center; background-repeat:no-repeat;\"><\/div><\/li><\/ul><\/div><\/div><\/div><div class=\"kt-row-layout-overlay kt-row-overlay-gradient\"><\/div><div class=\"kt-row-layout-bottom-sep kt-row-sep-type-sltl\"><svg viewBox=\"0 0 1000 100\" preserveAspectRatio=\"none\"><path d=\"M1000,0l-1000,100l1000,0l0,-100Z\" \/><\/svg><\/div><div class=\"kt-row-column-wrap kt-has-1-columns kt-row-layout-equal kt-tab-layout-inherit kt-mobile-layout-row kt-row-valign-middle kb-theme-content-width\">\n<style>.kadence-column55_165517-14 > .kt-inside-inner-col,.kadence-column55_165517-14 > .kt-inside-inner-col:before{border-top-left-radius:0px;border-top-right-radius:0px;border-bottom-right-radius:0px;border-bottom-left-radius:0px;}.kadence-column55_165517-14 > .kt-inside-inner-col{column-gap:var(--global-kb-gap-sm, 1rem);}.kadence-column55_165517-14 > .kt-inside-inner-col{flex-direction:column;}.kadence-column55_165517-14 > .kt-inside-inner-col > .aligncenter{width:100%;}.kadence-column55_165517-14 > .kt-inside-inner-col:before{opacity:0.3;}.kadence-column55_165517-14{position:relative;}@media all and (max-width: 1024px){.kadence-column55_165517-14 > .kt-inside-inner-col{flex-direction:column;justify-content:center;}}@media all and (max-width: 767px){.kadence-column55_165517-14 > .kt-inside-inner-col{flex-direction:column;justify-content:center;}}<\/style>\n<div class=\"wp-block-kadence-column kadence-column55_165517-14 inner-column-1\"><div class=\"kt-inside-inner-col\"><style>.wp-block-kadence-advancedheading.kt-adv-heading55_044285-26, .wp-block-kadence-advancedheading.kt-adv-heading55_044285-26[data-kb-block=\"kb-adv-heading55_044285-26\"]{margin-top:var(--global-kb-spacing-xs, 1rem);text-align:center;font-size:var(--global-kb-font-size-xl, 3rem);line-height:1;font-style:normal;}.wp-block-kadence-advancedheading.kt-adv-heading55_044285-26 mark.kt-highlight, .wp-block-kadence-advancedheading.kt-adv-heading55_044285-26[data-kb-block=\"kb-adv-heading55_044285-26\"] mark.kt-highlight{font-style:normal;color:#f76a0c;-webkit-box-decoration-break:clone;box-decoration-break:clone;padding-top:0px;padding-right:0px;padding-bottom:0px;padding-left:0px;}.wp-block-kadence-advancedheading.kt-adv-heading55_044285-26 img.kb-inline-image, .wp-block-kadence-advancedheading.kt-adv-heading55_044285-26[data-kb-block=\"kb-adv-heading55_044285-26\"] img.kb-inline-image{width:150px;vertical-align:baseline;}@media all and (max-width: 1024px){.wp-block-kadence-advancedheading.kt-adv-heading55_044285-26, .wp-block-kadence-advancedheading.kt-adv-heading55_044285-26[data-kb-block=\"kb-adv-heading55_044285-26\"]{font-size:60px;}}@media all and (max-width: 767px){.wp-block-kadence-advancedheading.kt-adv-heading55_044285-26, .wp-block-kadence-advancedheading.kt-adv-heading55_044285-26[data-kb-block=\"kb-adv-heading55_044285-26\"]{font-size:40px;}}<\/style>\n<h1 class=\"kt-adv-heading55_044285-26 wp-block-kadence-advancedheading has-theme-palette-9-color has-text-color\" data-kb-block=\"kb-adv-heading55_044285-26\">Epassi och Friskv\u00e5rd<\/h1>\n\n\n<style>.wp-block-kadence-advancedheading.kt-adv-heading55_127a3d-b9, .wp-block-kadence-advancedheading.kt-adv-heading55_127a3d-b9[data-kb-block=\"kb-adv-heading55_127a3d-b9\"]{display:block;text-align:center;font-size:20px;line-height:1;font-weight:300;font-style:normal;letter-spacing:1px;}.wp-block-kadence-advancedheading.kt-adv-heading55_127a3d-b9 mark.kt-highlight, .wp-block-kadence-advancedheading.kt-adv-heading55_127a3d-b9[data-kb-block=\"kb-adv-heading55_127a3d-b9\"] mark.kt-highlight{font-style:normal;color:#f76a0c;-webkit-box-decoration-break:clone;box-decoration-break:clone;padding-top:0px;padding-right:0px;padding-bottom:0px;padding-left:0px;}.wp-block-kadence-advancedheading.kt-adv-heading55_127a3d-b9 img.kb-inline-image, .wp-block-kadence-advancedheading.kt-adv-heading55_127a3d-b9[data-kb-block=\"kb-adv-heading55_127a3d-b9\"] img.kb-inline-image{width:150px;vertical-align:baseline;}<\/style>\n<span class=\"kt-adv-heading55_127a3d-b9 wp-block-kadence-advancedheading has-theme-palette-9-color has-text-color\" data-kb-block=\"kb-adv-heading55_127a3d-b9\">Om du g\u00e5r en kurs hos hos mig erbjuder jag friskv\u00e5rd. Ansluten till Epassi eller f\u00e5 ett kvitto<\/span>\n<\/div><\/div>\n\n<\/div><\/div>\n\n<style>.wp-block-kadence-advancedbtn.kb-btns55_2aae22-5e{gap:var(--global-kb-gap-xs, 0.5rem );justify-content:center;align-items:center;}.kt-btns55_2aae22-5e .kt-button{font-weight:normal;font-style:normal;}.kt-btns55_2aae22-5e .kt-btn-wrap-0{margin-right:5px;}.wp-block-kadence-advancedbtn.kt-btns55_2aae22-5e .kt-btn-wrap-0 .kt-button{color:#555555;border-color:#555555;}.wp-block-kadence-advancedbtn.kt-btns55_2aae22-5e .kt-btn-wrap-0 .kt-button:hover, .wp-block-kadence-advancedbtn.kt-btns55_2aae22-5e .kt-btn-wrap-0 .kt-button:focus{color:#ffffff;border-color:#444444;}.wp-block-kadence-advancedbtn.kt-btns55_2aae22-5e .kt-btn-wrap-0 .kt-button::before{display:none;}.wp-block-kadence-advancedbtn.kt-btns55_2aae22-5e .kt-btn-wrap-0 .kt-button:hover, .wp-block-kadence-advancedbtn.kt-btns55_2aae22-5e .kt-btn-wrap-0 .kt-button:focus{background:#444444;}<\/style>\n<div class=\"wp-block-kadence-advancedbtn kb-buttons-wrap kb-btns55_2aae22-5e\"><style>ul.menu .wp-block-kadence-advancedbtn .kb-btn55_70e7da-71.kb-button{width:initial;}<\/style><a class=\"kb-button kt-button button kb-btn55_70e7da-71 kt-btn-size-standard kt-btn-width-type-auto kb-btn-global-fill  kt-btn-has-text-true kt-btn-has-svg-false  wp-block-kadence-singlebtn\" href=\"https:\/\/www.epassi.se\/sv\/\" target=\"_blank\" rel=\"noopener\"><span class=\"kt-btn-inner-text\">Till Epassi<\/span><\/a><\/div>\n\n\n<style>.kb-row-layout-id55_422949-4d > .kt-row-column-wrap{align-content:start;}:where(.kb-row-layout-id55_422949-4d > .kt-row-column-wrap) > .wp-block-kadence-column{justify-content:start;}.kb-row-layout-id55_422949-4d > .kt-row-column-wrap{column-gap:var(--global-kb-gap-md, 2rem);row-gap:var(--global-kb-gap-md, 2rem);max-width:var( --global-content-width, 1290px );padding-left:var(--global-content-edge-padding);padding-right:var(--global-content-edge-padding);padding-top:var(--global-kb-spacing-xxl, 5rem);padding-bottom:var(--global-kb-spacing-xxl, 5rem);grid-template-columns:minmax(0, 1fr);}.kb-row-layout-id55_422949-4d > .kt-row-layout-overlay{opacity:0.30;}@media all and (max-width: 1024px){.kb-row-layout-id55_422949-4d > .kt-row-column-wrap{grid-template-columns:minmax(0, 1fr);}}@media all and (max-width: 767px){.kb-row-layout-id55_422949-4d > .kt-row-column-wrap{grid-template-columns:minmax(0, 1fr);}}<\/style><div class=\"kb-row-layout-wrap kb-row-layout-id55_422949-4d alignfull has-theme-palette9-background-color kt-row-has-bg wp-block-kadence-rowlayout\"><div class=\"kt-row-column-wrap kt-has-2-columns kt-row-layout-row kt-tab-layout-inherit kt-mobile-layout-row kt-row-valign-top kb-theme-content-width\">\n<style>.kadence-column55_2414a9-3d > .kt-inside-inner-col{padding-top:0px;padding-bottom:0px;}.kadence-column55_2414a9-3d > .kt-inside-inner-col,.kadence-column55_2414a9-3d > .kt-inside-inner-col:before{border-top-left-radius:0px;border-top-right-radius:0px;border-bottom-right-radius:0px;border-bottom-left-radius:0px;}.kadence-column55_2414a9-3d > .kt-inside-inner-col{column-gap:var(--global-kb-gap-sm, 1rem);}.kadence-column55_2414a9-3d > .kt-inside-inner-col{flex-direction:column;}.kadence-column55_2414a9-3d > .kt-inside-inner-col > .aligncenter{width:100%;}.kadence-column55_2414a9-3d > .kt-inside-inner-col:before{opacity:0.3;}.kadence-column55_2414a9-3d{position:relative;}@media all and (max-width: 1024px){.kadence-column55_2414a9-3d > .kt-inside-inner-col{flex-direction:column;justify-content:center;}}@media all and (max-width: 767px){.kadence-column55_2414a9-3d > .kt-inside-inner-col{flex-direction:column;justify-content:center;}}<\/style>\n<div class=\"wp-block-kadence-column kadence-column55_2414a9-3d\"><div class=\"kt-inside-inner-col\"><style>.kadence-column55_ff68f2-4f{max-width:750px;margin-left:auto;margin-right:auto;}.wp-block-kadence-column.kb-section-dir-horizontal:not(.kb-section-md-dir-vertical)>.kt-inside-inner-col>.kadence-column55_ff68f2-4f{-webkit-flex:0 1 750px;flex:0 1 750px;max-width:unset;margin-left:unset;margin-right:unset;}.kadence-column55_ff68f2-4f > .kt-inside-inner-col,.kadence-column55_ff68f2-4f > .kt-inside-inner-col:before{border-top-left-radius:0px;border-top-right-radius:0px;border-bottom-right-radius:0px;border-bottom-left-radius:0px;}.kadence-column55_ff68f2-4f > .kt-inside-inner-col{column-gap:var(--global-kb-gap-sm, 1rem);}.kadence-column55_ff68f2-4f > .kt-inside-inner-col{flex-direction:column;}.kadence-column55_ff68f2-4f > .kt-inside-inner-col > .aligncenter{width:100%;}.kadence-column55_ff68f2-4f > .kt-inside-inner-col:before{opacity:0.3;}.kadence-column55_ff68f2-4f{text-align:center;}.kadence-column55_ff68f2-4f{position:relative;}@media all and (min-width: 1025px){.wp-block-kadence-column.kb-section-dir-horizontal>.kt-inside-inner-col>.kadence-column55_ff68f2-4f{-webkit-flex:0 1 750px;flex:0 1 750px;max-width:unset;margin-left:unset;margin-right:unset;}}@media all and (max-width: 1024px){.kadence-column55_ff68f2-4f > .kt-inside-inner-col{flex-direction:column;justify-content:center;}}@media all and (max-width: 767px){.wp-block-kadence-column.kb-section-sm-dir-vertical:not(.kb-section-sm-dir-horizontal):not(.kb-section-sm-dir-specificity)>.kt-inside-inner-col>.kadence-column55_ff68f2-4f{max-width:750px;-webkit-flex:1;flex:1;margin-left:auto;margin-right:auto;}.kadence-column55_ff68f2-4f > .kt-inside-inner-col{flex-direction:column;justify-content:center;}}<\/style>\n<div class=\"wp-block-kadence-column kadence-column55_ff68f2-4f\"><div class=\"kt-inside-inner-col\">\n<p><\/p>\n<\/div><\/div>\n<\/div><\/div>\n\n\n<style>.kadence-column55_2ab1b9-55 > .kt-inside-inner-col,.kadence-column55_2ab1b9-55 > .kt-inside-inner-col:before{border-top-left-radius:0px;border-top-right-radius:0px;border-bottom-right-radius:0px;border-bottom-left-radius:0px;}.kadence-column55_2ab1b9-55 > .kt-inside-inner-col{column-gap:var(--global-kb-gap-sm, 1rem);}.kadence-column55_2ab1b9-55 > .kt-inside-inner-col{flex-direction:column;}.kadence-column55_2ab1b9-55 > .kt-inside-inner-col > .aligncenter{width:100%;}.kadence-column55_2ab1b9-55 > .kt-inside-inner-col:before{opacity:0.3;}.kadence-column55_2ab1b9-55{position:relative;}@media all and (max-width: 1024px){.kadence-column55_2ab1b9-55 > .kt-inside-inner-col{flex-direction:column;justify-content:center;}}@media all and (max-width: 767px){.kadence-column55_2ab1b9-55 > .kt-inside-inner-col{flex-direction:column;justify-content:center;}}<\/style>\n<div class=\"wp-block-kadence-column kadence-column55_2ab1b9-55\"><div class=\"kt-inside-inner-col\"><style>.wp-block-kadence-advancedgallery .kb-gallery-type-masonry.kb-gallery-id-55_810d70-ef{margin:-10px;}.kb-gallery-type-masonry.kb-gallery-id-55_810d70-ef .kadence-blocks-gallery-item{padding:10px;}.kb-gallery-id-55_810d70-ef .kadence-blocks-gallery-item .kb-gal-image-radius, .kb-gallery-id-55_810d70-ef .kb-slide-item .kb-gal-image-radius img{border-radius:0px 0px 0px 0px;;}<\/style><\/div><\/div>\n\n<\/div><\/div>\n\n<style>.kb-row-layout-id55_81c617-3c > .kt-row-column-wrap{align-content:start;}:where(.kb-row-layout-id55_81c617-3c > .kt-row-column-wrap) > .wp-block-kadence-column{justify-content:start;}.kb-row-layout-id55_81c617-3c > .kt-row-column-wrap{column-gap:var(--global-kb-gap-md, 2rem);row-gap:var(--global-kb-gap-md, 2rem);padding-top:var(--global-kb-spacing-sm, 1.5rem);padding-bottom:var(--global-kb-spacing-sm, 1.5rem);grid-template-columns:minmax(0, 1fr);}.kb-row-layout-id55_81c617-3c > .kt-row-layout-overlay{opacity:0.30;}@media all and (max-width: 1024px){.kb-row-layout-id55_81c617-3c > .kt-row-column-wrap{grid-template-columns:minmax(0, 1fr);}}@media all and (max-width: 767px){.kb-row-layout-id55_81c617-3c > .kt-row-column-wrap{grid-template-columns:minmax(0, 1fr);}}<\/style><div class=\"kb-row-layout-wrap kb-row-layout-id55_81c617-3c alignnone wp-block-kadence-rowlayout\"><div class=\"kt-row-column-wrap kt-has-1-columns kt-row-layout-equal kt-tab-layout-inherit kt-mobile-layout-row kt-row-valign-top\">\n<style>.kadence-column55_835beb-d1 > .kt-inside-inner-col,.kadence-column55_835beb-d1 > .kt-inside-inner-col:before{border-top-left-radius:0px;border-top-right-radius:0px;border-bottom-right-radius:0px;border-bottom-left-radius:0px;}.kadence-column55_835beb-d1 > .kt-inside-inner-col{column-gap:var(--global-kb-gap-sm, 1rem);}.kadence-column55_835beb-d1 > .kt-inside-inner-col{flex-direction:column;}.kadence-column55_835beb-d1 > .kt-inside-inner-col > .aligncenter{width:100%;}.kadence-column55_835beb-d1 > .kt-inside-inner-col:before{opacity:0.3;}.kadence-column55_835beb-d1{position:relative;}@media all and (max-width: 1024px){.kadence-column55_835beb-d1 > .kt-inside-inner-col{flex-direction:column;justify-content:center;}}@media all and (max-width: 767px){.kadence-column55_835beb-d1 > .kt-inside-inner-col{flex-direction:column;justify-content:center;}}<\/style>\n<div class=\"wp-block-kadence-column kadence-column55_835beb-d1\"><div class=\"kt-inside-inner-col\"><\/div><\/div>\n\n<\/div><\/div>\n\n\n<p><\/p>\n","protected":false},"excerpt":{"rendered":"<p>Epassi och Friskv\u00e5rd Om du g\u00e5r en kurs hos hos mig erbjuder jag friskv\u00e5rd. Ansluten till Epassi eller f\u00e5 ett kvitto<\/p>\n","protected":false},"author":1,"featured_media":0,"parent":0,"menu_order":0,"comment_status":"closed","ping_status":"closed","template":"","meta":{"_kadence_starter_templates_imported_post":true,"_kad_post_transparent":"","_kad_post_title":"hide","_kad_post_layout":"fullwidth","_kad_post_sidebar_id":"","_kad_post_content_style":"unboxed","_kad_post_vertical_padding":"hide","_kad_post_feature":"hide","_kad_post_feature_position":"","_kad_post_header":false,"_kad_post_footer":false,"_kad_post_classname":"","footnotes":""},"class_list":["post-55","page","type-page","status-publish","hentry"],"_links":{"self":[{"href":"https:\/\/fjarilyogasound.se\/index.php?rest_route=\/wp\/v2\/pages\/55","targetHints":{"allow":["GET"]}}],"collection":[{"href":"https:\/\/fjarilyogasound.se\/index.php?rest_route=\/wp\/v2\/pages"}],"about":[{"href":"https:\/\/fjarilyogasound.se\/index.php?rest_route=\/wp\/v2\/types\/page"}],"author":[{"embeddable":true,"href":"https:\/\/fjarilyogasound.se\/index.php?rest_route=\/wp\/v2\/users\/1"}],"replies":[{"embeddable":true,"href":"https:\/\/fjarilyogasound.se\/index.php?rest_route=%2Fwp%2Fv2%2Fcomments&post=55"}],"version-history":[{"count":19,"href":"https:\/\/fjarilyogasound.se\/index.php?rest_route=\/wp\/v2\/pages\/55\/revisions"}],"predecessor-version":[{"id":1201,"href":"https:\/\/fjarilyogasound.se\/index.php?rest_route=\/wp\/v2\/pages\/55\/revisions\/1201"}],"wp:attachment":[{"href":"https:\/\/fjarilyogasound.se\/index.php?rest_route=%2Fwp%2Fv2%2Fmedia&parent=55"}],"curies":[{"name":"wp","href":"https:\/\/api.w.org\/{rel}","templated":true}]}}